{"id":12,"date":"2018-02-08T16:28:48","date_gmt":"2018-02-08T16:28:48","guid":{"rendered":"http:\/\/gs-partenheim.de\/?page_id=12"},"modified":"2025-09-17T13:26:44","modified_gmt":"2025-09-17T11:26:44","slug":"betreuende-grundschule","status":"publish","type":"page","link":"https:\/\/gs-partenheim.de\/?page_id=12","title":{"rendered":"Betreuung"},"content":{"rendered":"<h1>Betreuende Grundschule<\/h1>\n<p>Die \u201eBetreuende Grundschule\u201c bietet Eltern und Kindern die M\u00f6glichkeit, bei individuellem Bedarf die <strong>Betreuung<\/strong> t\u00e4glich zwischen 7:00 &#8211; 16:00 Uhr, ausgenommen der Unterrichtsstunden, in Anspruch zu nehmen.<br \/>\nEbenso steht diese bei kurzfristig ausfallendem Unterricht zur Verf\u00fcgung.<\/p>\n<p>In der Zeit zwischen 13 &#8211; 14 Uhr wird ein warmes <strong>Mittagessen<\/strong> angeboten. Ein abwechslungsreicher Speiseplan der K\u00fcche des Josef-Helferich-Hauses aus Jugenheim steht zur Verf\u00fcgung. Dass leider nicht alle Geschm\u00e4cker getroffen werden k\u00f6nnen, ist selbstredend. Die K\u00fcchenleitung ist bestrebt, das Angebot von Fisch, Rind, Schwein, Gefl\u00fcgel, vegetarisch etc. t\u00e4glich zu variieren.<br \/>\nBesonders kulant ist die M\u00f6glichkeit, die Teilnahme am Mittagessen bis zum Vortag, bis sp\u00e4testens 8:00 Uhr, an- bzw. abzumelden. Bezahlt werden muss dann nur die tats\u00e4chlich eingenommene Mahlzeit.<\/p>\n<p>Zwischen 14 &#8211; 15 Uhr findet montags bis freitags die <strong>Hausaufgabenbetreuung<\/strong> statt. Die Kinder werden nicht nur beaufsichtigt, sondern erhalten, wann immer notwendig, Hilfestellung und Anleitung zum Selbsttun.<\/p>\n<p>Anschlie\u00dfend stehen Spiel und Spa\u00df -wetterbedingt- im Baumhaus, im Hof oder in der Schulsporthalle auf dem Plan. Es kann nach Herzenslust getobt, gebastelt, gespielt und gemalt werden. Die Kuschelecke bietet Gelegenheit sich zur\u00fcckzuziehen oder es sich mit einem Buch gem\u00fctlich zu machen. Am LEGO-Tisch kann sich die Kreativit\u00e4t der \u201aArchitekten\u2018 voll entfalten. Fu\u00dfballbegeisterte kommen entweder auf dem Schulhof aktiv am Ball oder in der Betreuung mit dem Tischkicker voll auf ihre Kosten. Die Tischtennisplatte, als neueste Errungenschaft, bietet den Kindern die M\u00f6glichkeit, sich mit der eher unbekannten Sportart anzufreunden.<\/p>\n<p>Erreichen k\u00f6nnen Sie uns (pers\u00f6nlich oder \u00fcber Anrufbeantworter) unter:<\/p>\n<p style=\"text-align: center;\"><span style=\"font-size: 18pt; color: #ff0000;\"><strong>0 67 32 &#8211; 2 77 41 80<br \/>\n<\/strong><\/span><\/p>\n","protected":false},"excerpt":{"rendered":"<p>Betreuende Grundschule Die \u201eBetreuende Grundschule\u201c bietet Eltern und Kindern die M\u00f6glichkeit, bei individuellem Bedarf die Betreuung t\u00e4glich zwischen 7:00 &#8211; 16:00 Uhr, ausgenommen der Unterrichtsstunden, in Anspruch zu nehmen. Ebenso steht diese bei kurzfristig ausfallendem Unterricht zur Verf\u00fcgung. In der &hellip; <\/p>\n","protected":false},"author":1,"featured_media":0,"parent":0,"menu_order":2,"comment_status":"closed","ping_status":"closed","template":"","meta":{"ngg_post_thumbnail":0,"footnotes":""},"class_list":["post-12","page","type-page","status-publish","hentry"],"_links":{"self":[{"href":"https:\/\/gs-partenheim.de\/index.php?rest_route=\/wp\/v2\/pages\/12","targetHints":{"allow":["GET"]}}],"collection":[{"href":"https:\/\/gs-partenheim.de\/index.php?rest_route=\/wp\/v2\/pages"}],"about":[{"href":"https:\/\/gs-partenheim.de\/index.php?rest_route=\/wp\/v2\/types\/page"}],"author":[{"embeddable":true,"href":"https:\/\/gs-partenheim.de\/index.php?rest_route=\/wp\/v2\/users\/1"}],"replies":[{"embeddable":true,"href":"https:\/\/gs-partenheim.de\/index.php?rest_route=%2Fwp%2Fv2%2Fcomments&post=12"}],"version-history":[{"count":11,"href":"https:\/\/gs-partenheim.de\/index.php?rest_route=\/wp\/v2\/pages\/12\/revisions"}],"predecessor-version":[{"id":1642,"href":"https:\/\/gs-partenheim.de\/index.php?rest_route=\/wp\/v2\/pages\/12\/revisions\/1642"}],"wp:attachment":[{"href":"https:\/\/gs-partenheim.de\/index.php?rest_route=%2Fwp%2Fv2%2Fmedia&parent=12"}],"curies":[{"name":"wp","href":"https:\/\/api.w.org\/{rel}","templated":true}]}}