{"id":48,"date":"2018-02-13T14:43:11","date_gmt":"2018-02-13T13:43:11","guid":{"rendered":"http:\/\/gs-partenheim.de\/?page_id=48"},"modified":"2026-02-02T18:42:54","modified_gmt":"2026-02-02T17:42:54","slug":"foerderverein","status":"publish","type":"page","link":"https:\/\/gs-partenheim.de\/?page_id=48","title":{"rendered":"F\u00f6rderverein"},"content":{"rendered":"<h3>Warum ein F\u00f6rderverein?<\/h3>\n<p>Wir m\u00f6chten einen Beitrag dazu leisten, Aktivit\u00e4ten und Projekte an der Schule umzusetzen, die sonst vielleicht nicht m\u00f6glich w\u00e4ren. Die Chance, als gemeinn\u00fctziger Verein f\u00fcr solche Vorhaben Mitgliedsbeitr\u00e4ge und Spenden einzusammeln und diese \u2013 im Rahmen der satzungsgem\u00e4\u00dfen Zielsetzung \u2013 der Schule zur Verf\u00fcgung stellen zu k\u00f6nnen, war ein Grund f\u00fcr die Gr\u00fcndung des Vereins im Jahre 2013.<\/p>\n<h3>Geld ist nicht alles<\/h3>\n<p>Wir wollen die Schule auch in anderer Hinsicht unterst\u00fctzen: Durch Kontakte in der Gemeinde, durch Know-how und ehrenamtliches Engagement unserer Mitglieder. Einen kleinen Beitrag dazu haben wir mit der Erstellung der Mauer aus Pflanzsteinen unter dem Baumhaus bereits geleistet.<\/p>\n<p>Der Platz unter dem Baumhaus wurde mit Pflasterplatten befestigt und das angrenzende Gel\u00e4nde pflegeleicht gestaltet.<\/p>\n<h3>Schulgarten<\/h3>\n<p>Die \u00e4lteren Partenheimer B\u00fcrger wissen es, es gab in Partenheim schon einmal einen Schulgarten, allerdings handelte es sich hierbei um einen Gewannennamen f\u00fcr das Gebiet, auf dem heute die Gemeindehalle steht. Woher der Name stammt, konnte nicht gekl\u00e4rt werden.<\/p>\n<p>Mit unserer Hilfe wurde im Schwarzen Mannsgraben ein kleiner Garten angelegt, der \u00fcber einige Jahre von einer Sch\u00fclermutter im Rahmen von AGs mit Sch\u00fclerinnen und Sch\u00fclern gepflegt und bewirtschaftet wurde. So konnten die Kinder den spannenden Kreislauf von s\u00e4en, pflegen und ernten erfahren und ein Gef\u00fchl bzw. Verst\u00e4ndnis daf\u00fcr entwickeln, welche Kulturpflanzen in ihrem unmittelbaren rheinhessischen Umfeld wachsen und gedeihen. Neueste Errungenschaft ist eine Wasserpumpe.<\/p>\n<h3>Olifu Racer<\/h3>\n<p>Seit dem Fr\u00fchjahr 2014 stehen unseren Kindern neue Olifu Racer zur Verf\u00fcgung. Durch die besondere Fahr- und Lenktechnik k\u00f6nnen die Kinder ein etwas anderes Fahren lernen und dank der tiefen Sitzposition f\u00fchlt man sich wie in einem Sportwagen.<\/p>\n<h3>Die Schule im Dorf<\/h3>\n<p>Mit unseren Initiativen wollen wir mithelfen, die Schule als einen wesentlichen Baustein unseres Dorflebens ins Bewusstsein zu r\u00fccken und zu halten. Unser Ziel ist es, dass sich neben Sch\u00fclern, Lehrern und Eltern auch B\u00fcrgerinnen und B\u00fcrger mit der Schule identifizieren und stolz auf das gemeinsam Erreichte blicken k\u00f6nnen. Das ist das Elixier f\u00fcr eine perspektivische Unterst\u00fctzung und Entwicklung durch alle Gemeindemitglieder.<\/p>\n<h3>Werden Sie Mitglied und unterst\u00fctzen Sie uns<\/h3>\n<p>F\u00fcr Fragen stehen wir Ihnen gerne zur Verf\u00fcgung!<\/p>\n<p>foev@gs-partenheim.de<\/p>\n<p>Der Vorstand des F\u00f6rdervereins:<\/p>\n<ul>\n<li>Daniel K\u00e4mper (Vorstandvorsitzender)<\/li>\n<li>Nicolas Bings (Vorstandvorsitzender)<\/li>\n<li>Steve Schick (Kassenwart)<\/li>\n<li>Nina Wagner (Schriftf\u00fchrerin)<\/li>\n<li>Frank Eppelmann<\/li>\n<li>Manuela Jung<\/li>\n<li>Katharina Trumpfheller<\/li>\n<\/ul>\n<p><a href=\"http:\/\/gs-partenheim.de\/wp-content\/uploads\/2018\/02\/Flyer-FFGSP.pdf\" target=\"_blank\" rel=\"noopener noreferrer\">Laden Sie hier den Flyer des F\u00f6rdervereins herunter.<\/a><\/p>\n","protected":false},"excerpt":{"rendered":"<p>Warum ein F\u00f6rderverein? Wir m\u00f6chten einen Beitrag dazu leisten, Aktivit\u00e4ten und Projekte an der Schule umzusetzen, die sonst vielleicht nicht m\u00f6glich w\u00e4ren. Die Chance, als gemeinn\u00fctziger Verein f\u00fcr solche Vorhaben Mitgliedsbeitr\u00e4ge und Spenden einzusammeln und diese \u2013 im Rahmen der &hellip; <\/p>\n","protected":false},"author":1,"featured_media":0,"parent":0,"menu_order":4,"comment_status":"closed","ping_status":"closed","template":"","meta":{"ngg_post_thumbnail":0,"footnotes":""},"class_list":["post-48","page","type-page","status-publish","hentry"],"_links":{"self":[{"href":"https:\/\/gs-partenheim.de\/index.php?rest_route=\/wp\/v2\/pages\/48","targetHints":{"allow":["GET"]}}],"collection":[{"href":"https:\/\/gs-partenheim.de\/index.php?rest_route=\/wp\/v2\/pages"}],"about":[{"href":"https:\/\/gs-partenheim.de\/index.php?rest_route=\/wp\/v2\/types\/page"}],"author":[{"embeddable":true,"href":"https:\/\/gs-partenheim.de\/index.php?rest_route=\/wp\/v2\/users\/1"}],"replies":[{"embeddable":true,"href":"https:\/\/gs-partenheim.de\/index.php?rest_route=%2Fwp%2Fv2%2Fcomments&post=48"}],"version-history":[{"count":12,"href":"https:\/\/gs-partenheim.de\/index.php?rest_route=\/wp\/v2\/pages\/48\/revisions"}],"predecessor-version":[{"id":1649,"href":"https:\/\/gs-partenheim.de\/index.php?rest_route=\/wp\/v2\/pages\/48\/revisions\/1649"}],"wp:attachment":[{"href":"https:\/\/gs-partenheim.de\/index.php?rest_route=%2Fwp%2Fv2%2Fmedia&parent=48"}],"curies":[{"name":"wp","href":"https:\/\/api.w.org\/{rel}","templated":true}]}}