{"id":52,"date":"2018-02-13T14:17:55","date_gmt":"2018-02-13T13:17:55","guid":{"rendered":"http:\/\/gs-partenheim.de\/?page_id=52"},"modified":"2025-09-16T18:43:27","modified_gmt":"2025-09-16T16:43:27","slug":"schulchor","status":"publish","type":"page","link":"https:\/\/gs-partenheim.de\/?page_id=52","title":{"rendered":"Schulchor"},"content":{"rendered":"<p>Jeden Mittwoch<strong> von 13.15-14.00 Uhr<\/strong> findet unser Schulchor statt.<\/p>\n<p>Dieser ist offen f\u00fcr alle Grundsch\u00fcler der Schule sowie f\u00fcr interessierte Vorschulkinder.<\/p>\n<p>Geleitet wird der Chor von Frau Hummel.<\/p>\n","protected":false},"excerpt":{"rendered":"<p>Jeden Mittwoch von 13.15-14.00 Uhr findet unser Schulchor statt. Dieser ist offen f\u00fcr alle Grundsch\u00fcler der Schule sowie f\u00fcr interessierte Vorschulkinder. Geleitet wird der Chor von Frau Hummel.<\/p>\n","protected":false},"author":1,"featured_media":0,"parent":0,"menu_order":3,"comment_status":"closed","ping_status":"closed","template":"","meta":{"ngg_post_thumbnail":0,"footnotes":""},"class_list":["post-52","page","type-page","status-publish","hentry"],"_links":{"self":[{"href":"https:\/\/gs-partenheim.de\/index.php?rest_route=\/wp\/v2\/pages\/52","targetHints":{"allow":["GET"]}}],"collection":[{"href":"https:\/\/gs-partenheim.de\/index.php?rest_route=\/wp\/v2\/pages"}],"about":[{"href":"https:\/\/gs-partenheim.de\/index.php?rest_route=\/wp\/v2\/types\/page"}],"author":[{"embeddable":true,"href":"https:\/\/gs-partenheim.de\/index.php?rest_route=\/wp\/v2\/users\/1"}],"replies":[{"embeddable":true,"href":"https:\/\/gs-partenheim.de\/index.php?rest_route=%2Fwp%2Fv2%2Fcomments&post=52"}],"version-history":[{"count":6,"href":"https:\/\/gs-partenheim.de\/index.php?rest_route=\/wp\/v2\/pages\/52\/revisions"}],"predecessor-version":[{"id":1611,"href":"https:\/\/gs-partenheim.de\/index.php?rest_route=\/wp\/v2\/pages\/52\/revisions\/1611"}],"wp:attachment":[{"href":"https:\/\/gs-partenheim.de\/index.php?rest_route=%2Fwp%2Fv2%2Fmedia&parent=52"}],"curies":[{"name":"wp","href":"https:\/\/api.w.org\/{rel}","templated":true}]}}